{"id":514,"date":"2020-09-30T18:19:39","date_gmt":"2020-09-30T21:19:39","guid":{"rendered":"http:\/\/aniversario.unm.edu.ar\/?page_id=514"},"modified":"2020-10-14T16:13:01","modified_gmt":"2020-10-14T19:13:01","slug":"retratos-de-la-primera-decada-2010-2020","status":"publish","type":"page","link":"http:\/\/aniversario.unm.edu.ar\/index.php\/retratos-de-la-primera-decada-2010-2020\/","title":{"rendered":"Retratos de la primera d\u00e9cada 2010-2020"},"content":{"rendered":"\t\t<div data-elementor-type=\"wp-page\" data-elementor-id=\"514\" class=\"elementor elementor-514\">\n\t\t\t\t\t\t<section class=\"elementor-section elementor-top-section elementor-element elementor-element-10f7091c elementor-section-content-middle elementor-section-height-min-height elementor-section-items-top elementor-section-boxed elementor-section-height-default\" data-id=\"10f7091c\" data-element_type=\"section\" data-settings=\"{&quot;background_background&quot;:&quot;classic&quot;,&quot;shape_divider_top&quot;:&quot;mountains&quot;,&quot;shape_divider_bottom&quot;:&quot;mountains&quot;}\">\n\t\t\t\t\t<div class=\"elementor-shape elementor-shape-top\" data-negative=\"false\">\n\t\t\t<svg xmlns=\"http:\/\/www.w3.org\/2000\/svg\" viewBox=\"0 0 1000 100\" preserveAspectRatio=\"none\">\n\t<path class=\"elementor-shape-fill\" opacity=\"0.33\" d=\"M473,67.3c-203.9,88.3-263.1-34-320.3,0C66,119.1,0,59.7,0,59.7V0h1000v59.7 c0,0-62.1,26.1-94.9,29.3c-32.8,3.3-62.8-12.3-75.8-22.1C806,49.6,745.3,8.7,694.9,4.7S492.4,59,473,67.3z\"\/>\n\t<path class=\"elementor-shape-fill\" opacity=\"0.66\" d=\"M734,67.3c-45.5,0-77.2-23.2-129.1-39.1c-28.6-8.7-150.3-10.1-254,39.1 s-91.7-34.4-149.2,0C115.7,118.3,0,39.8,0,39.8V0h1000v36.5c0,0-28.2-18.5-92.1-18.5C810.2,18.1,775.7,67.3,734,67.3z\"\/>\n\t<path class=\"elementor-shape-fill\" d=\"M766.1,28.9c-200-57.5-266,65.5-395.1,19.5C242,1.8,242,5.4,184.8,20.6C128,35.8,132.3,44.9,89.9,52.5C28.6,63.7,0,0,0,0 h1000c0,0-9.9,40.9-83.6,48.1S829.6,47,766.1,28.9z\"\/>\n<\/svg>\t\t<\/div>\n\t\t\t\t<div class=\"elementor-shape elementor-shape-bottom\" data-negative=\"false\">\n\t\t\t<svg xmlns=\"http:\/\/www.w3.org\/2000\/svg\" viewBox=\"0 0 1000 100\" preserveAspectRatio=\"none\">\n\t<path class=\"elementor-shape-fill\" opacity=\"0.33\" d=\"M473,67.3c-203.9,88.3-263.1-34-320.3,0C66,119.1,0,59.7,0,59.7V0h1000v59.7 c0,0-62.1,26.1-94.9,29.3c-32.8,3.3-62.8-12.3-75.8-22.1C806,49.6,745.3,8.7,694.9,4.7S492.4,59,473,67.3z\"\/>\n\t<path class=\"elementor-shape-fill\" opacity=\"0.66\" d=\"M734,67.3c-45.5,0-77.2-23.2-129.1-39.1c-28.6-8.7-150.3-10.1-254,39.1 s-91.7-34.4-149.2,0C115.7,118.3,0,39.8,0,39.8V0h1000v36.5c0,0-28.2-18.5-92.1-18.5C810.2,18.1,775.7,67.3,734,67.3z\"\/>\n\t<path class=\"elementor-shape-fill\" d=\"M766.1,28.9c-200-57.5-266,65.5-395.1,19.5C242,1.8,242,5.4,184.8,20.6C128,35.8,132.3,44.9,89.9,52.5C28.6,63.7,0,0,0,0 h1000c0,0-9.9,40.9-83.6,48.1S829.6,47,766.1,28.9z\"\/>\n<\/svg>\t\t<\/div>\n\t\t\t\t\t<div class=\"elementor-container elementor-column-gap-no\">\n\t\t\t\t\t<div class=\"elementor-column elementor-col-50 elementor-top-column elementor-element elementor-element-4f0ccb5b\" data-id=\"4f0ccb5b\" data-element_type=\"column\">\n\t\t\t<div class=\"elementor-widget-wrap elementor-element-populated\">\n\t\t\t\t\t\t<div class=\"elementor-element elementor-element-4e4d5542 elementor-invisible elementor-widget elementor-widget-image\" data-id=\"4e4d5542\" data-element_type=\"widget\" data-settings=\"{&quot;_animation&quot;:&quot;slideInLeft&quot;}\" data-widget_type=\"image.default\">\n\t\t\t\t<div class=\"elementor-widget-container\">\n\t\t\t<style>\/*! elementor - v3.23.0 - 05-08-2024 *\/\n.elementor-widget-image{text-align:center}.elementor-widget-image a{display:inline-block}.elementor-widget-image a img[src$=\".svg\"]{width:48px}.elementor-widget-image img{vertical-align:middle;display:inline-block}<\/style>\t\t\t\t\t\t\t\t\t\t\t<a href=\"http:\/\/www.unm.edu.ar\/\">\n\t\t\t\t\t\t\t<img decoding=\"async\" width=\"150\" height=\"61\" src=\"http:\/\/aniversario.unm.edu.ar\/wp-content\/uploads\/2020\/09\/Logo-UNM-10-anos-fondo-oscuro-transparente-150.png\" class=\"attachment-medium size-medium wp-image-214\" alt=\"\" \/>\t\t\t\t\t\t\t\t<\/a>\n\t\t\t\t\t\t\t\t\t\t\t\t\t<\/div>\n\t\t\t\t<\/div>\n\t\t\t\t\t<\/div>\n\t\t<\/div>\n\t\t\t\t<div class=\"elementor-column elementor-col-50 elementor-top-column elementor-element elementor-element-68a0d8c8\" data-id=\"68a0d8c8\" data-element_type=\"column\">\n\t\t\t<div class=\"elementor-widget-wrap elementor-element-populated\">\n\t\t\t\t\t\t<div class=\"elementor-element elementor-element-139770af elementor-align-left elementor-mobile-align-left elementor-list-item-link-full_width elementor-invisible elementor-widget elementor-widget-icon-list\" data-id=\"139770af\" data-element_type=\"widget\" data-settings=\"{&quot;_animation&quot;:&quot;slideInRight&quot;}\" data-widget_type=\"icon-list.default\">\n\t\t\t\t<div class=\"elementor-widget-container\">\n\t\t\t<link rel=\"stylesheet\" href=\"http:\/\/aniversario.unm.edu.ar\/wp-content\/plugins\/elementor\/assets\/css\/widget-icon-list.min.css\">\t\t<ul class=\"elementor-icon-list-items\">\n\t\t\t\t\t\t\t<li class=\"elementor-icon-list-item\">\n\t\t\t\t\t\t\t\t\t\t\t<span class=\"elementor-icon-list-icon\">\n\t\t\t\t\t\t\t\t\t\t\t\t\t<\/span>\n\t\t\t\t\t\t\t\t\t\t<span class=\"elementor-icon-list-text\">Nuestro derecho, nuestro lugar, nuestro futuro...<\/span>\n\t\t\t\t\t\t\t\t\t<\/li>\n\t\t\t\t\t\t<\/ul>\n\t\t\t\t<\/div>\n\t\t\t\t<\/div>\n\t\t\t\t\t<\/div>\n\t\t<\/div>\n\t\t\t\t\t<\/div>\n\t\t<\/section>\n\t\t\t\t<section class=\"elementor-section elementor-top-section elementor-element elementor-element-7fc8ec3 elementor-section-items-top elementor-section-height-min-height elementor-section-boxed elementor-section-height-default\" data-id=\"7fc8ec3\" data-element_type=\"section\" data-settings=\"{&quot;background_background&quot;:&quot;classic&quot;}\">\n\t\t\t\t\t\t\t<div class=\"elementor-background-overlay\"><\/div>\n\t\t\t\t\t\t\t<div class=\"elementor-container elementor-column-gap-no\">\n\t\t\t\t\t<div class=\"elementor-column elementor-col-50 elementor-top-column elementor-element elementor-element-5a7721b\" data-id=\"5a7721b\" data-element_type=\"column\" data-settings=\"{&quot;background_background&quot;:&quot;classic&quot;}\">\n\t\t\t<div class=\"elementor-widget-wrap\">\n\t\t\t\t\t\t\t<\/div>\n\t\t<\/div>\n\t\t\t\t<div class=\"elementor-column elementor-col-50 elementor-top-column elementor-element elementor-element-d0f7d19\" data-id=\"d0f7d19\" data-element_type=\"column\">\n\t\t\t<div class=\"elementor-widget-wrap elementor-element-populated\">\n\t\t\t\t\t\t<section class=\"elementor-section elementor-inner-section elementor-element elementor-element-ee3e481 elementor-section-full_width elementor-section-height-min-height elementor-section-height-default\" data-id=\"ee3e481\" data-element_type=\"section\">\n\t\t\t\t\t\t<div class=\"elementor-container elementor-column-gap-no\">\n\t\t\t\t\t<div class=\"elementor-column elementor-col-100 elementor-inner-column elementor-element elementor-element-316b723\" data-id=\"316b723\" data-element_type=\"column\">\n\t\t\t<div class=\"elementor-widget-wrap elementor-element-populated\">\n\t\t\t\t\t\t<div class=\"elementor-element elementor-element-50939dc elementor-widget elementor-widget-text-editor\" data-id=\"50939dc\" data-element_type=\"widget\" data-widget_type=\"text-editor.default\">\n\t\t\t\t<div class=\"elementor-widget-container\">\n\t\t\t<style>\/*! elementor - v3.23.0 - 05-08-2024 *\/\n.elementor-widget-text-editor.elementor-drop-cap-view-stacked .elementor-drop-cap{background-color:#69727d;color:#fff}.elementor-widget-text-editor.elementor-drop-cap-view-framed .elementor-drop-cap{color:#69727d;border:3px solid;background-color:transparent}.elementor-widget-text-editor:not(.elementor-drop-cap-view-default) .elementor-drop-cap{margin-top:8px}.elementor-widget-text-editor:not(.elementor-drop-cap-view-default) .elementor-drop-cap-letter{width:1em;height:1em}.elementor-widget-text-editor .elementor-drop-cap{float:left;text-align:center;line-height:1;font-size:50px}.elementor-widget-text-editor .elementor-drop-cap-letter{display:inline-block}<\/style>\t\t\t\t<p style=\"text-align: right;\"><a href=\"http:\/\/www.unm.edu.ar\/\"><span style=\"color: #ffffff;\">Inicio<\/span><\/a><\/p>\t\t\t\t\t\t<\/div>\n\t\t\t\t<\/div>\n\t\t\t\t\t<\/div>\n\t\t<\/div>\n\t\t\t\t\t<\/div>\n\t\t<\/section>\n\t\t\t\t\t<\/div>\n\t\t<\/div>\n\t\t\t\t\t<\/div>\n\t\t<\/section>\n\t\t\t\t<section class=\"elementor-section elementor-top-section elementor-element elementor-element-6af3fa26 elementor-section-boxed elementor-section-height-default elementor-section-height-default\" data-id=\"6af3fa26\" data-element_type=\"section\" data-settings=\"{&quot;background_background&quot;:&quot;classic&quot;}\">\n\t\t\t\t\t\t<div class=\"elementor-container elementor-column-gap-default\">\n\t\t\t\t\t<div class=\"elementor-column elementor-col-100 elementor-top-column elementor-element elementor-element-5703adcb\" data-id=\"5703adcb\" data-element_type=\"column\" data-settings=\"{&quot;background_background&quot;:&quot;classic&quot;}\">\n\t\t\t<div class=\"elementor-widget-wrap elementor-element-populated\">\n\t\t\t\t\t\t<section class=\"elementor-section elementor-inner-section elementor-element elementor-element-6cf31c8 elementor-section-content-top elementor-section-boxed elementor-section-height-default elementor-section-height-default\" data-id=\"6cf31c8\" data-element_type=\"section\">\n\t\t\t\t\t\t<div class=\"elementor-container elementor-column-gap-no\">\n\t\t\t\t\t<div class=\"elementor-column elementor-col-100 elementor-inner-column elementor-element elementor-element-8b9b6ad\" data-id=\"8b9b6ad\" data-element_type=\"column\">\n\t\t\t<div class=\"elementor-widget-wrap elementor-element-populated\">\n\t\t\t\t\t\t<div class=\"elementor-element elementor-element-2088ff8 elementor-widget elementor-widget-text-editor\" data-id=\"2088ff8\" data-element_type=\"widget\" data-widget_type=\"text-editor.default\">\n\t\t\t\t<div class=\"elementor-widget-container\">\n\t\t\t\t\t\t\t<h4>10\u00b0 Aniversario de la Universidad Nacional de Moreno<\/h4><p>En este espacio compartiremos los momentos m\u00e1s importantes que han marcado los a\u00f1os fundacionales de nuestra instituci\u00f3n.<\/p><div class=\"gmedia_gallery photoblog_module is_bot\" id=\"GmediaGallery_8\" data-gmid=\"8\" data-module=\"photoblog\"><style class='gmedia_module_style_import'>@import url('http:\/\/aniversario.unm.edu.ar\/wp-content\/grand-media\/module\/photoblog\/css\/style.css?v=2.7') all;<\/style><script type=\"text\/javascript\">\n\t(function() {\n\t\tthis['GmediaGallery_8'.replace( \/_|_\/g, '' )] = {\n\t\t\t'settings':{\"collectionThumbRecomendedWidth\":\"140\",\"collectionPreloaderColor\":\"333333\",\"linkTargetWindow\":\"_blank\",\"thumbSpacing\":\"10\",\"infoBarTermsClickNewPageEnable\":\"1\",\"collectionBackButtonIconColor\":\"000000\",\"collectionBackButtonBgColor\":\"eeeeee\",\"collectionTitleColor\":\"ffffff\",\"bookmarkEnable\":\"1\",\"bookmarkShowState\":\"1\",\"bookmarkIconColor\":\"rgba(174, 174, 174, 1)\",\"bookmarkTextColor\":\"rgb(255, 255, 255)\",\"bookmarksCollectionName\":\"Mis im\\u00e1genes favoritas\",\"bookmarkCounterTitleEmpty\":\"Selecciona tus favoritas\",\"bookmarkCounterTitle\":\"Tu selecci\\u00f3n contiene %count% im\\u00e1gen(es)\",\"bookmarkTitleFontSize\":\"14\",\"bookmarkDescription\":\"Usa el \\u00edcono bookmarks para crear tu selecci\\u00f3n y compartirla.\",\"bookmarkDescriptionFontSize\":\"13\",\"searchFormEnable\":\"0\",\"searchFormPlaceHolder\":\"Search...\",\"searchFormTextColor\":\"333333\",\"searchFormBgColor\":\"eeeeee\",\"searchFormIconColor\":\"ffffff\",\"tagsFilter\":\"0\",\"tagCloudAll\":\"All\",\"tagCloudTextColor\":\"000000\",\"tagCloudBgColor\":\"eeeeee\",\"collectionThumbHoverColor\":\"rgba(0, 0, 0, .4)\",\"collectionThumbContentBGColor\":\"rgba(245,245,245,1)\",\"collectionThumbTitleShow\":\"1\",\"collectionThumbTitleColor\":\"rgba(0,0,0,1)\",\"collectionThumbFontSize\":\"14\",\"collectionThumbDateShow\":\"0\",\"collectionThumbDateColor\":\"rgba(0,0,0,1)\",\"collectionThumbDateFontSize\":\"16\",\"collectionThumbDescriptionShow\":\"1\",\"collectionThumbDescriptionColor\":\"rgba(0,0,0,1)\",\"collectionThumbDescriptionFontSize\":\"12\",\"collectionThumbAlbumsShow\":\"0\",\"collectionThumbAlbumColor\":\"rgba(130,130,130,1)\",\"collectionThumbCategoriesShow\":\"0\",\"collectionThumbCatColor\":\"rgba(130,130,130,1)\",\"collectionThumbTagsShow\":\"0\",\"collectionThumbTagsColor\":\"rgba(130,130,130,1)\",\"collectionThumbSubMenuBackgroundColor\":\"rgba(0, 0, 0, 0)\",\"collectionThumbSubMenuBackgroundColorOver\":\"rgba(0, 0, 0, 1)\",\"collectionThumbSubMenuIconColor\":\"rgba(57, 56, 56, 1)\",\"collectionThumbSubMenuIconHoverColor\":\"rgba(255, 255, 255, 1)\",\"collectionItemDownload\":\"1\",\"collectionItemDiscuss\":\"0\",\"collectionSocialShareEnabled\":\"1\",\"collectionLikesEnabled\":\"0\",\"collectionReadMoreButtonLabel\":\"Read More\",\"collectionReadMoreButtonLabelColor\":\"rgba(255, 255, 255, 1)\",\"collectionReadMoreButtonBGColor\":\"rgba(0, 0, 0, 1)\",\"collectionReadMoreButtonLabelColorHover\":\"rgba(0, 0, 0, 1)\",\"collectionReadMoreButtonBGColorHover\":\"rgba(235,235,235,1)\",\"modaBgColor\":\"rgba(0,0,0,0.9)\",\"modalInfoBoxBgColor\":\"rgba(255,255,255,1)\",\"modalInfoBoxTitleTextColor\":\"000000\",\"shareTitlePlaceHolder\":\"Share\",\"modalInfoBoxTextColor\":\"333333\",\"infoBarTermsEnable\":\"0\",\"infoBarTermsTitleColor\":\"eeeeee\",\"infoBarTermsBackgroundColorAlbums\":\"ff0000\",\"infoBarTermsBackgroundColorTags\":\"00a000\",\"infoBarTermsBackgroundColorCategories\":\"d3af0d\",\"infoBarExifEnable\":\"1\",\"infoBarCountersEnable\":\"1\",\"infoBarDateInfoEnable\":\"1\",\"lightBoxEnable\":\"1\",\"sliderPreloaderColor\":\"ffffff\",\"sliderBgColor\":\"rgba(0,0,0,1)\",\"sliderHeaderFooterBgColor\":\"000000\",\"sliderNavigationColor\":\"rgba(0,0,0,1)\",\"sliderNavigationIconColor\":\"rgba(255,255,255,1)\",\"sliderItemTitleFontSize\":\"24\",\"sliderItemTitleTextColor\":\"ffffff\",\"sliderThumbBarEnable\":\"1\",\"sliderThumbBarHoverColor\":\"ffffff\",\"sliderThumbSubMenuBackgroundColor\":\"rgba(0,0,0,1)\",\"sliderThumbSubMenuBackgroundColorOver\":\"rgba(255,255,255,1)\",\"sliderThumbSubMenuIconColor\":\"rgba(255,255,255,1)\",\"sliderThumbSubMenuIconHoverColor\":\"rgba(0,0,0,1)\",\"sliderInfoEnable\":\"1\",\"sliderItemDownload\":\"1\",\"sliderItemDiscuss\":\"0\",\"sliderSocialShareEnabled\":\"1\",\"sliderLikesEnabled\":\"1\",\"customCSS\":\"\",\"license\":\"3071:1sl-1d0c-56df-88fd\",\"post_url\":\"http:\\\/\\\/aniversario.unm.edu.ar\\\/wp-json\\\/wp\\\/v2\\\/pages\\\/514\"}, 'appQuery':{\"orderby\":\"date\",\"order\":\"DESC\",\"album__in\":\"7\",\"status\":[\"publish\"]}, 'appApi':\"http:\\\/\\\/aniversario.unm.edu.ar\\\/?gmedia-app=1&gmappversion=4&gmmodule=1\", 'appInfo':{\"name\":\"Galer&iacute;a Institucional\",\"description\":\"\"}};\n\t})();\n<\/script>\n<\/div>\t\t\t\t\t\t<\/div>\n\t\t\t\t<\/div>\n\t\t\t\t\t<\/div>\n\t\t<\/div>\n\t\t\t\t\t<\/div>\n\t\t<\/section>\n\t\t\t\t\t<\/div>\n\t\t<\/div>\n\t\t\t\t\t<\/div>\n\t\t<\/section>\n\t\t\t\t<section class=\"elementor-section elementor-top-section elementor-element elementor-element-26453795 elementor-section-boxed elementor-section-height-default elementor-section-height-default\" data-id=\"26453795\" data-element_type=\"section\" data-settings=\"{&quot;background_background&quot;:&quot;classic&quot;}\">\n\t\t\t\t\t\t<div class=\"elementor-container elementor-column-gap-default\">\n\t\t\t\t\t<div class=\"elementor-column elementor-col-100 elementor-top-column elementor-element elementor-element-5a0e153\" data-id=\"5a0e153\" data-element_type=\"column\">\n\t\t\t<div class=\"elementor-widget-wrap elementor-element-populated\">\n\t\t\t\t\t\t<section class=\"elementor-section elementor-inner-section elementor-element elementor-element-532162f elementor-section-boxed elementor-section-height-default elementor-section-height-default\" data-id=\"532162f\" data-element_type=\"section\">\n\t\t\t\t\t\t<div class=\"elementor-container elementor-column-gap-default\">\n\t\t\t\t\t<div class=\"elementor-column elementor-col-100 elementor-inner-column elementor-element elementor-element-b5e6d76\" data-id=\"b5e6d76\" data-element_type=\"column\">\n\t\t\t<div class=\"elementor-widget-wrap elementor-element-populated\">\n\t\t\t\t\t\t<div class=\"elementor-element elementor-element-1615926 elementor-widget elementor-widget-image\" data-id=\"1615926\" data-element_type=\"widget\" data-widget_type=\"image.default\">\n\t\t\t\t<div class=\"elementor-widget-container\">\n\t\t\t\t\t\t\t\t\t\t\t\t\t<img decoding=\"async\" width=\"300\" height=\"140\" src=\"http:\/\/aniversario.unm.edu.ar\/wp-content\/uploads\/2020\/10\/Frente-lineas-10oA-Blanco--300x140.png\" class=\"attachment-medium size-medium wp-image-605\" alt=\"\" srcset=\"http:\/\/aniversario.unm.edu.ar\/wp-content\/uploads\/2020\/10\/Frente-lineas-10oA-Blanco--300x140.png 300w, http:\/\/aniversario.unm.edu.ar\/wp-content\/uploads\/2020\/10\/Frente-lineas-10oA-Blanco--1024x478.png 1024w, http:\/\/aniversario.unm.edu.ar\/wp-content\/uploads\/2020\/10\/Frente-lineas-10oA-Blanco--768x359.png 768w, http:\/\/aniversario.unm.edu.ar\/wp-content\/uploads\/2020\/10\/Frente-lineas-10oA-Blanco-.png 1447w\" sizes=\"(max-width: 300px) 100vw, 300px\" \/>\t\t\t\t\t\t\t\t\t\t\t\t\t<\/div>\n\t\t\t\t<\/div>\n\t\t\t\t\t<\/div>\n\t\t<\/div>\n\t\t\t\t\t<\/div>\n\t\t<\/section>\n\t\t\t\t\t<\/div>\n\t\t<\/div>\n\t\t\t\t\t<\/div>\n\t\t<\/section>\n\t\t\t\t<\/div>\n\t\t","protected":false},"excerpt":{"rendered":"<p>Nuestro derecho, nuestro lugar, nuestro futuro&#8230; Inicio 10\u00b0 Aniversario de la Universidad Nacional de Moreno En este espacio compartiremos los momentos m\u00e1s importantes que han marcado los a\u00f1os fundacionales de nuestra instituci\u00f3n.<\/p>\n","protected":false},"author":1,"featured_media":0,"parent":0,"menu_order":0,"comment_status":"closed","ping_status":"closed","template":"elementor_header_footer","meta":{"footnotes":""},"class_list":["post-514","page","type-page","status-publish","hentry"],"_links":{"self":[{"href":"http:\/\/aniversario.unm.edu.ar\/index.php\/wp-json\/wp\/v2\/pages\/514"}],"collection":[{"href":"http:\/\/aniversario.unm.edu.ar\/index.php\/wp-json\/wp\/v2\/pages"}],"about":[{"href":"http:\/\/aniversario.unm.edu.ar\/index.php\/wp-json\/wp\/v2\/types\/page"}],"author":[{"embeddable":true,"href":"http:\/\/aniversario.unm.edu.ar\/index.php\/wp-json\/wp\/v2\/users\/1"}],"replies":[{"embeddable":true,"href":"http:\/\/aniversario.unm.edu.ar\/index.php\/wp-json\/wp\/v2\/comments?post=514"}],"version-history":[{"count":25,"href":"http:\/\/aniversario.unm.edu.ar\/index.php\/wp-json\/wp\/v2\/pages\/514\/revisions"}],"predecessor-version":[{"id":1858,"href":"http:\/\/aniversario.unm.edu.ar\/index.php\/wp-json\/wp\/v2\/pages\/514\/revisions\/1858"}],"wp:attachment":[{"href":"http:\/\/aniversario.unm.edu.ar\/index.php\/wp-json\/wp\/v2\/media?parent=514"}],"curies":[{"name":"wp","href":"https:\/\/api.w.org\/{rel}","templated":true}]}}